{"id":60,"date":"2020-06-09T16:52:17","date_gmt":"2020-06-09T20:52:17","guid":{"rendered":"https:\/\/www.ambmusica.cl\/?page_id=60"},"modified":"2025-10-22T20:18:40","modified_gmt":"2025-10-22T23:18:40","slug":"clases-programas","status":"publish","type":"page","link":"https:\/\/www.ambmusica.cl\/?page_id=60","title":{"rendered":"CLASES PERSONALIZADAS"},"content":{"rendered":"<p class=\"has-text-align-center\" style=\"font-size:28px\"><font face=\"Architects Daughter\" color=\"#e7e7e7\"><span style=\"background-color:rgba(0, 0, 0, 0);color:#5c63ff\" class=\"has-inline-color\">\u00a1COMIENZA HOY MISMO A CONVERTIRTE EN EL\/LA M\u00daSIC@ QUE QUIERES SER!<\/span><\/font><\/p><p class=\"has-normal-font-size\">Transforma tu manera de tocar guitarra con programas personalizados 1 a 1 online en vivo, optimizando tu tiempo, desde la comodidad de tu hogar, usando tu guitarra y equipos. Comienza hoy mismo a encontrar tu propia voz como m\u00fasic@. Todo el mundo es bienvenido. No importa si llevas 20 a\u00f1os tocando o si es tu primer d\u00eda con la guitarra: las clases ser\u00e1n dise\u00f1adas a tu medida exacta, para que pases de la frustraci\u00f3n de practicar sin un rumbo claro, a la satisfacci\u00f3n de lograr tus objetivos musicales.<\/p><p class=\"has-normal-font-size\">En cada uno de los programas, que pueden ser de 4, 8 o 10 clases, ser\u00e1s el centro de cada sesi\u00f3n y tendr\u00e1s espacio para explorar tus propias dimensiones de interpretaci\u00f3n y creatividad. Los aspectos a mejorar ser\u00e1n tratados con dedicaci\u00f3n, enfoc\u00e1ndonos en la causa y no en el s\u00edntoma. Quiero guiarte a trav\u00e9s de un camino \u00fanico, emocionante, enriquecedor, personal y flexible, present\u00e1ndote m\u00faltiples opciones de acuerdo a tus objetivos y a la m\u00fasica que a ti te apasiona. Incentivando la responsabilidad en tu proceso de aprendizaje, despertaremos tu esp\u00edritu de b\u00fasqueda y un estado de descubrimiento sostenido.<\/p><p class=\"has-normal-font-size\">Podr\u00e1s aprender guitarra el\u00e9ctrica, guitarra ac\u00fastica, guitarra r\u00edtmica, guitarra solista, teor\u00eda musical, armon\u00eda, t\u00e9cnicas, recursos, pedales de efectos, estilos de guitarristas, an\u00e1lisis e interpretaci\u00f3n de canciones populares y composici\u00f3n de canciones con sus letras. Adem\u00e1s, podr\u00e1s conocer aspectos relevantes de los procesos de creaci\u00f3n completos de \u00e1lbumes, desde la composici\u00f3n hasta la grabaci\u00f3n, mezcla y masterizaci\u00f3n.<\/p><p class=\"has-normal-font-size\">Mi filosof\u00eda de ense\u00f1anza promueve un enfoque musical integral, incentivando la escucha dedicada, la pr\u00e1ctica plena, inteligente y segura, la interpretaci\u00f3n creativa, la composici\u00f3n, el aprendizaje de la teor\u00eda musical aplicada y el an\u00e1lisis musical. Mi metodolog\u00eda est\u00e1 basada en las recomendaciones de la Associated Board of the Royal Schools of Music, un organismo dedicado a la educaci\u00f3n y evaluaci\u00f3n musical que surgi\u00f3 en Reino Unido en 1889 y hoy cuenta con presencia en m\u00e1s de 90 pa\u00edses.<\/p><p class=\"has-normal-font-size\">Podr\u00e1s explorar estilos que sean de tu inter\u00e9s, como por ejemplo, rock, blues, jazz, fusi\u00f3n, m\u00fasica incidental, metal, punk, country, folk, reggae, m\u00fasica latina, etc. \u00a1Tambi\u00e9n podr\u00e1s aprender sin enfocarte en un estilo en particular!<\/p><figure class=\"wp-block-gallery aligncenter has-nested-images columns-default is-cropped wp-block-gallery-1 is-layout-flex wp-block-gallery-is-layout-flex\"><figure class=\"wp-block-image size-full\"><img loading=\"lazy\" decoding=\"async\" width=\"2560\" height=\"1707\" data-id=\"374\" src=\"https:\/\/www.ambmusica.cl\/wp-content\/uploads\/2020\/09\/lolo_amarillo-scaled.jpg\" alt=\"clases guitarra el\u00e9ctrica personalizadas 1 a 1\" class=\"wp-image-374\" srcset=\"https:\/\/www.ambmusica.cl\/wp-content\/uploads\/2020\/09\/lolo_amarillo-scaled.jpg 2560w, https:\/\/www.ambmusica.cl\/wp-content\/uploads\/2020\/09\/lolo_amarillo-scaled-600x400.jpg 600w, https:\/\/www.ambmusica.cl\/wp-content\/uploads\/2020\/09\/lolo_amarillo-300x200.jpg 300w, https:\/\/www.ambmusica.cl\/wp-content\/uploads\/2020\/09\/lolo_amarillo-1024x683.jpg 1024w, https:\/\/www.ambmusica.cl\/wp-content\/uploads\/2020\/09\/lolo_amarillo-768x512.jpg 768w, https:\/\/www.ambmusica.cl\/wp-content\/uploads\/2020\/09\/lolo_amarillo-1536x1024.jpg 1536w, https:\/\/www.ambmusica.cl\/wp-content\/uploads\/2020\/09\/lolo_amarillo-2048x1365.jpg 2048w, https:\/\/www.ambmusica.cl\/wp-content\/uploads\/2020\/09\/lolo_amarillo-1200x800.jpg 1200w, https:\/\/www.ambmusica.cl\/wp-content\/uploads\/2020\/09\/lolo_amarillo-1980x1320.jpg 1980w\" sizes=\"auto, (max-width: 2560px) 100vw, 2560px\" \/><\/figure>\n\n<figure class=\"wp-block-image size-full\"><img loading=\"lazy\" decoding=\"async\" width=\"2560\" height=\"1709\" data-id=\"341\" src=\"https:\/\/www.ambmusica.cl\/wp-content\/uploads\/2020\/09\/3875593-scaled.jpg\" alt=\"clases guitarra ac\u00fastica personalizadas 1 a 1\" class=\"wp-image-341\" srcset=\"https:\/\/www.ambmusica.cl\/wp-content\/uploads\/2020\/09\/3875593-scaled.jpg 2560w, https:\/\/www.ambmusica.cl\/wp-content\/uploads\/2020\/09\/3875593-scaled-600x401.jpg 600w, https:\/\/www.ambmusica.cl\/wp-content\/uploads\/2020\/09\/3875593-300x200.jpg 300w, https:\/\/www.ambmusica.cl\/wp-content\/uploads\/2020\/09\/3875593-1024x683.jpg 1024w, https:\/\/www.ambmusica.cl\/wp-content\/uploads\/2020\/09\/3875593-768x513.jpg 768w, https:\/\/www.ambmusica.cl\/wp-content\/uploads\/2020\/09\/3875593-1536x1025.jpg 1536w, https:\/\/www.ambmusica.cl\/wp-content\/uploads\/2020\/09\/3875593-2048x1367.jpg 2048w, https:\/\/www.ambmusica.cl\/wp-content\/uploads\/2020\/09\/3875593-1200x801.jpg 1200w, https:\/\/www.ambmusica.cl\/wp-content\/uploads\/2020\/09\/3875593-1980x1322.jpg 1980w\" sizes=\"auto, (max-width: 2560px) 100vw, 2560px\" \/><\/figure><\/figure><p class=\"has-normal-font-size\">Las clases de guitarra son\u00a0personales 1 a 1 online en vivo,\u00a0usando Google Meet o Microsoft Teams. Disfrutar\u00e1s tus clases en alta definici\u00f3n de video (1080p\/30fps) y audio (16-bit 44.1\/48 kHz).<\/p><p class=\"has-normal-font-size\">Solo necesitar\u00e1s una conexi\u00f3n estable a internet, una webcam y una guitarra, que puede ser ac\u00fastica, electroac\u00fastica o el\u00e9ctrica. Si tu guitarra es el\u00e9ctrica, tambi\u00e9n necesitar\u00e1s un amplificador. Es ideal que cuentes con buenos aud\u00edfonos para una gran experiencia y si tienes un micr\u00f3fono y\/o interfaz de audio, mejor a\u00fan (aunque no es indispensable). Cada clase tendr\u00e1 lugar en un ambiente seguro, motivador, optimista, amigable y respetuoso, \u00a1siempre disfrutando el viaje!<\/p><p class=\"has-normal-font-size\"><strong>Agenda una sesi\u00f3n&nbsp;<\/strong>personalmente conmigo hoy para orientarte en tu aprendizaje y resolver tus dudas. Sin compromiso y totalmente gratis.<\/p><p class=\"has-text-align-center has-large-font-size\"><a href=\"https:\/\/www.ambmusica.cl\/?page_id=141\" data-type=\"page\" data-id=\"141\"><font face=\"Architects Daughter\" color=\"#5c63ff\">\u00a1 RESERVA AHORA !<\/font><\/a><\/p><figure class=\"wp-block-pullquote\"><blockquote><p><strong><em>Aprende las reglas como profesional<\/em><\/strong><br><strong><em> para que puedas romperlas como artista<\/em><\/strong><\/p><cite>Pablo Picasso<\/cite><\/blockquote><\/figure><p><\/p>","protected":false},"excerpt":{"rendered":"<p>\u00a1COMIENZA HOY MISMO A CONVERTIRTE EN EL\/LA M\u00daSIC@ QUE QUIERES SER! Transforma tu manera de tocar guitarra con programas personalizados 1 a 1 online en vivo, optimizando tu tiempo, desde la comodidad de tu hogar, usando tu guitarra y equipos. Comienza hoy mismo a encontrar tu propia voz como m\u00fasic@. Todo el mundo es bienvenido. [&hellip;]<\/p>\n","protected":false},"author":3,"featured_media":0,"parent":0,"menu_order":0,"comment_status":"closed","ping_status":"closed","template":"templates\/template-full-width.php","meta":{"footnotes":""},"class_list":["post-60","page","type-page","status-publish","hentry"],"yoast_head":"<!-- This site is optimized with the Yoast SEO plugin v24.3 - https:\/\/yoast.com\/wordpress\/plugins\/seo\/ -->\n<title>Clases particulares de guitarra online - Sesiones personalizadas<\/title>\n<meta name=\"description\" content=\"Clases particulares de guitarra online personalizadas, dise\u00f1adas seg\u00fan tus objetivos, nivel y gustos musicales. \u00a1Comienza hoy mismo!\" \/>\n<meta name=\"robots\" content=\"index, follow, max-snippet:-1, max-image-preview:large, max-video-preview:-1\" \/>\n<link rel=\"canonical\" href=\"https:\/\/www.ambmusica.cl\/?page_id=60\" \/>\n<meta property=\"og:locale\" content=\"es_ES\" \/>\n<meta property=\"og:type\" content=\"article\" \/>\n<meta property=\"og:title\" content=\"Clases particulares de guitarra online - Sesiones personalizadas\" \/>\n<meta property=\"og:description\" content=\"Clases particulares de guitarra online personalizadas, dise\u00f1adas seg\u00fan tus objetivos, nivel y gustos musicales. \u00a1Comienza hoy mismo!\" \/>\n<meta property=\"og:url\" content=\"https:\/\/www.ambmusica.cl\/?page_id=60\" \/>\n<meta property=\"og:site_name\" content=\"AMBMUSICA - Clases de guitarra online\" \/>\n<meta property=\"article:modified_time\" content=\"2025-10-22T23:18:40+00:00\" \/>\n<meta property=\"og:image\" content=\"https:\/\/www.ambmusica.cl\/wp-content\/uploads\/2020\/09\/lolo_amarillo-scaled.jpg\" \/>\n\t<meta property=\"og:image:width\" content=\"2560\" \/>\n\t<meta property=\"og:image:height\" content=\"1707\" \/>\n\t<meta property=\"og:image:type\" content=\"image\/jpeg\" \/>\n<meta name=\"twitter:card\" content=\"summary_large_image\" \/>\n<meta name=\"twitter:label1\" content=\"Tiempo estimado de lectura\" \/>\n\t<meta name=\"twitter:data1\" content=\"3 minutos\" \/>\n<script type=\"application\/ld+json\" class=\"yoast-schema-graph\">{\"@context\":\"https:\/\/schema.org\",\"@graph\":[{\"@type\":\"WebPage\",\"@id\":\"https:\/\/www.ambmusica.cl\/?page_id=60\",\"url\":\"https:\/\/www.ambmusica.cl\/?page_id=60\",\"name\":\"Clases particulares de guitarra online - Sesiones personalizadas\",\"isPartOf\":{\"@id\":\"https:\/\/www.ambmusica.cl\/#website\"},\"primaryImageOfPage\":{\"@id\":\"https:\/\/www.ambmusica.cl\/?page_id=60#primaryimage\"},\"image\":{\"@id\":\"https:\/\/www.ambmusica.cl\/?page_id=60#primaryimage\"},\"thumbnailUrl\":\"https:\/\/www.ambmusica.cl\/wp-content\/uploads\/2020\/09\/lolo_amarillo-scaled.jpg\",\"datePublished\":\"2020-06-09T20:52:17+00:00\",\"dateModified\":\"2025-10-22T23:18:40+00:00\",\"description\":\"Clases particulares de guitarra online personalizadas, dise\u00f1adas seg\u00fan tus objetivos, nivel y gustos musicales. \u00a1Comienza hoy mismo!\",\"breadcrumb\":{\"@id\":\"https:\/\/www.ambmusica.cl\/?page_id=60#breadcrumb\"},\"inLanguage\":\"es-CL\",\"potentialAction\":[{\"@type\":\"ReadAction\",\"target\":[\"https:\/\/www.ambmusica.cl\/?page_id=60\"]}]},{\"@type\":\"ImageObject\",\"inLanguage\":\"es-CL\",\"@id\":\"https:\/\/www.ambmusica.cl\/?page_id=60#primaryimage\",\"url\":\"https:\/\/www.ambmusica.cl\/wp-content\/uploads\/2020\/09\/lolo_amarillo-scaled.jpg\",\"contentUrl\":\"https:\/\/www.ambmusica.cl\/wp-content\/uploads\/2020\/09\/lolo_amarillo-scaled.jpg\",\"width\":2560,\"height\":1707},{\"@type\":\"BreadcrumbList\",\"@id\":\"https:\/\/www.ambmusica.cl\/?page_id=60#breadcrumb\",\"itemListElement\":[{\"@type\":\"ListItem\",\"position\":1,\"name\":\"Portada\",\"item\":\"https:\/\/www.ambmusica.cl\/\"},{\"@type\":\"ListItem\",\"position\":2,\"name\":\"CLASES PERSONALIZADAS\"}]},{\"@type\":\"WebSite\",\"@id\":\"https:\/\/www.ambmusica.cl\/#website\",\"url\":\"https:\/\/www.ambmusica.cl\/\",\"name\":\"AMBMUSICA - Clases de guitarra online\",\"description\":\"\",\"publisher\":{\"@id\":\"https:\/\/www.ambmusica.cl\/#organization\"},\"potentialAction\":[{\"@type\":\"SearchAction\",\"target\":{\"@type\":\"EntryPoint\",\"urlTemplate\":\"https:\/\/www.ambmusica.cl\/?s={search_term_string}\"},\"query-input\":{\"@type\":\"PropertyValueSpecification\",\"valueRequired\":true,\"valueName\":\"search_term_string\"}}],\"inLanguage\":\"es-CL\"},{\"@type\":\"Organization\",\"@id\":\"https:\/\/www.ambmusica.cl\/#organization\",\"name\":\"AMBMUSICA\",\"url\":\"https:\/\/www.ambmusica.cl\/\",\"logo\":{\"@type\":\"ImageObject\",\"inLanguage\":\"es-CL\",\"@id\":\"https:\/\/www.ambmusica.cl\/#\/schema\/logo\/image\/\",\"url\":\"https:\/\/www.ambmusica.cl\/wp-content\/uploads\/2020\/06\/logoamb_web.png\",\"contentUrl\":\"https:\/\/www.ambmusica.cl\/wp-content\/uploads\/2020\/06\/logoamb_web.png\",\"width\":588,\"height\":365,\"caption\":\"AMBMUSICA\"},\"image\":{\"@id\":\"https:\/\/www.ambmusica.cl\/#\/schema\/logo\/image\/\"}}]}<\/script>\n<!-- \/ Yoast SEO plugin. -->","yoast_head_json":{"title":"Clases particulares de guitarra online - Sesiones personalizadas","description":"Clases particulares de guitarra online personalizadas, dise\u00f1adas seg\u00fan tus objetivos, nivel y gustos musicales. \u00a1Comienza hoy mismo!","robots":{"index":"index","follow":"follow","max-snippet":"max-snippet:-1","max-image-preview":"max-image-preview:large","max-video-preview":"max-video-preview:-1"},"canonical":"https:\/\/www.ambmusica.cl\/?page_id=60","og_locale":"es_ES","og_type":"article","og_title":"Clases particulares de guitarra online - Sesiones personalizadas","og_description":"Clases particulares de guitarra online personalizadas, dise\u00f1adas seg\u00fan tus objetivos, nivel y gustos musicales. \u00a1Comienza hoy mismo!","og_url":"https:\/\/www.ambmusica.cl\/?page_id=60","og_site_name":"AMBMUSICA - Clases de guitarra online","article_modified_time":"2025-10-22T23:18:40+00:00","og_image":[{"width":2560,"height":1707,"url":"https:\/\/www.ambmusica.cl\/wp-content\/uploads\/2020\/09\/lolo_amarillo-scaled.jpg","type":"image\/jpeg"}],"twitter_card":"summary_large_image","twitter_misc":{"Tiempo estimado de lectura":"3 minutos"},"schema":{"@context":"https:\/\/schema.org","@graph":[{"@type":"WebPage","@id":"https:\/\/www.ambmusica.cl\/?page_id=60","url":"https:\/\/www.ambmusica.cl\/?page_id=60","name":"Clases particulares de guitarra online - Sesiones personalizadas","isPartOf":{"@id":"https:\/\/www.ambmusica.cl\/#website"},"primaryImageOfPage":{"@id":"https:\/\/www.ambmusica.cl\/?page_id=60#primaryimage"},"image":{"@id":"https:\/\/www.ambmusica.cl\/?page_id=60#primaryimage"},"thumbnailUrl":"https:\/\/www.ambmusica.cl\/wp-content\/uploads\/2020\/09\/lolo_amarillo-scaled.jpg","datePublished":"2020-06-09T20:52:17+00:00","dateModified":"2025-10-22T23:18:40+00:00","description":"Clases particulares de guitarra online personalizadas, dise\u00f1adas seg\u00fan tus objetivos, nivel y gustos musicales. \u00a1Comienza hoy mismo!","breadcrumb":{"@id":"https:\/\/www.ambmusica.cl\/?page_id=60#breadcrumb"},"inLanguage":"es-CL","potentialAction":[{"@type":"ReadAction","target":["https:\/\/www.ambmusica.cl\/?page_id=60"]}]},{"@type":"ImageObject","inLanguage":"es-CL","@id":"https:\/\/www.ambmusica.cl\/?page_id=60#primaryimage","url":"https:\/\/www.ambmusica.cl\/wp-content\/uploads\/2020\/09\/lolo_amarillo-scaled.jpg","contentUrl":"https:\/\/www.ambmusica.cl\/wp-content\/uploads\/2020\/09\/lolo_amarillo-scaled.jpg","width":2560,"height":1707},{"@type":"BreadcrumbList","@id":"https:\/\/www.ambmusica.cl\/?page_id=60#breadcrumb","itemListElement":[{"@type":"ListItem","position":1,"name":"Portada","item":"https:\/\/www.ambmusica.cl\/"},{"@type":"ListItem","position":2,"name":"CLASES PERSONALIZADAS"}]},{"@type":"WebSite","@id":"https:\/\/www.ambmusica.cl\/#website","url":"https:\/\/www.ambmusica.cl\/","name":"AMBMUSICA - Clases de guitarra online","description":"","publisher":{"@id":"https:\/\/www.ambmusica.cl\/#organization"},"potentialAction":[{"@type":"SearchAction","target":{"@type":"EntryPoint","urlTemplate":"https:\/\/www.ambmusica.cl\/?s={search_term_string}"},"query-input":{"@type":"PropertyValueSpecification","valueRequired":true,"valueName":"search_term_string"}}],"inLanguage":"es-CL"},{"@type":"Organization","@id":"https:\/\/www.ambmusica.cl\/#organization","name":"AMBMUSICA","url":"https:\/\/www.ambmusica.cl\/","logo":{"@type":"ImageObject","inLanguage":"es-CL","@id":"https:\/\/www.ambmusica.cl\/#\/schema\/logo\/image\/","url":"https:\/\/www.ambmusica.cl\/wp-content\/uploads\/2020\/06\/logoamb_web.png","contentUrl":"https:\/\/www.ambmusica.cl\/wp-content\/uploads\/2020\/06\/logoamb_web.png","width":588,"height":365,"caption":"AMBMUSICA"},"image":{"@id":"https:\/\/www.ambmusica.cl\/#\/schema\/logo\/image\/"}}]}},"_links":{"self":[{"href":"https:\/\/www.ambmusica.cl\/index.php?rest_route=\/wp\/v2\/pages\/60","targetHints":{"allow":["GET"]}}],"collection":[{"href":"https:\/\/www.ambmusica.cl\/index.php?rest_route=\/wp\/v2\/pages"}],"about":[{"href":"https:\/\/www.ambmusica.cl\/index.php?rest_route=\/wp\/v2\/types\/page"}],"author":[{"embeddable":true,"href":"https:\/\/www.ambmusica.cl\/index.php?rest_route=\/wp\/v2\/users\/3"}],"replies":[{"embeddable":true,"href":"https:\/\/www.ambmusica.cl\/index.php?rest_route=%2Fwp%2Fv2%2Fcomments&post=60"}],"version-history":[{"count":54,"href":"https:\/\/www.ambmusica.cl\/index.php?rest_route=\/wp\/v2\/pages\/60\/revisions"}],"predecessor-version":[{"id":1002,"href":"https:\/\/www.ambmusica.cl\/index.php?rest_route=\/wp\/v2\/pages\/60\/revisions\/1002"}],"wp:attachment":[{"href":"https:\/\/www.ambmusica.cl\/index.php?rest_route=%2Fwp%2Fv2%2Fmedia&parent=60"}],"curies":[{"name":"wp","href":"https:\/\/api.w.org\/{rel}","templated":true}]}}