{"id":2,"date":"2020-06-03T21:50:34","date_gmt":"2020-06-04T01:50:34","guid":{"rendered":"https:\/\/www.ambmusica.cl\/?page_id=2"},"modified":"2025-12-31T14:48:40","modified_gmt":"2025-12-31T17:48:40","slug":"clases-guitarra-personalizadas-online","status":"publish","type":"page","link":"https:\/\/www.ambmusica.cl\/","title":{"rendered":"Clases de Guitarra Online Personalizadas a Tu Medida"},"content":{"rendered":"<iframe loading=\"lazy\" width=\"560\" height=\"315\" src=\"https:\/\/www.youtube-nocookie.com\/embed\/CpJERMilJ7w?rel=0\" title=\"YouTube video player\" frameborder=\"0\" allow=\"accelerometer; autoplay; clipboard-write; encrypted-media; gyroscope; picture-in-picture\" allowfullscreen><\/iframe><div class=\"wp-block-group\"><div class=\"wp-block-group__inner-container is-layout-flow wp-block-group-is-layout-flow\"><p class=\"has-primary-color has-text-color has-normal-font-size\">\u00bfList@ para expresarte con autenticidad y alcanzar una musicalidad profunda con la guitarra? Ya sea que est\u00e9s empezando tu viaje desde cero o tengas experiencia como guitarrista, aqu\u00ed encontrar\u00e1s programas personalizados de guitarra online, con clases 1 a 1 en vivo, transformadores, dise\u00f1ados a tu medida y adaptados a tus intereses, gustos y nivel.<\/p><\/div><\/div><p class=\"has-primary-color has-text-color has-normal-font-size\">Soy Andr\u00e9s Mart\u00ednez Barrueto, guitarrista, profesor y compositor con m\u00e1s de 15 a\u00f1os de trayectoria. He presentado canciones propias junto a destacados m\u00fasicos, en incontables escenarios nacionales, incluyendo radio y televisi\u00f3n. Muchas horas en estudios de grabaci\u00f3n: componiendo, grabando, editando, mezclando y produciendo m\u00e1s de 30 canciones con Autotren y Calandria (disponibles en todas las plataformas). He acompa\u00f1ado a m\u00e1s de 80 guitarristas de diferentes pa\u00edses y de todos los niveles a crecer como m\u00fasic@s. En cada transformaci\u00f3n, pasaron de un estado de frustraci\u00f3n, confusi\u00f3n o estancamiento, a la satisfacci\u00f3n de expandir sus habilidades musicales con una direcci\u00f3n clara, expres\u00e1ndose progresivamente con mayor soltura, confianza y creatividad. Tu programa personalizado se ajustar\u00e1 a tus objetivos y nivel, ya sea para aprender a tocar canciones de tus artistas favoritos, analizar y enteder su composici\u00f3n, aprender a tocar todos los acordes, arpegios, escalas y modos en cualquier parte del diapas\u00f3n, desarrollar una t\u00e9cnica avanzada para tocar con intenci\u00f3n, componer tu propia m\u00fasica, enfocarte en alg\u00fan estilo o todas las anteriores.<\/p><p class=\"has-primary-color has-text-color has-normal-font-size\">\u00a1Da este gran paso para convertirte en esa visi\u00f3n de guitarrista que siempre has tenido y comienza hoy mismo! Solicita tu <strong>primera clase gratuita<\/strong> y trabajemos juntos para llevar tus habilidades musicales al siguiente nivel. Para empezar, solo haz click en Reserva Ahora o en \u00danete Hoy en el men\u00fa. \u00a1No lo sigas postergando!<strong> &nbsp;<\/strong><\/p><p class=\"has-text-align-center has-large-font-size\"><a href=\"https:\/\/www.ambmusica.cl\/?page_id=141\" data-type=\"page\" data-id=\"141\"><font face=\"Architects Daughter\" color=\"#5c63ff\">\u00a1 RESERVA AHORA !<\/font><\/a><\/p><h2 class=\"wp-block-heading has-primary-color has-text-color has-large-font-size\"><strong>\u00bfPor qu\u00e9 elegir tu programa personalizado de guitarra online conmigo?<\/strong><\/h2><h3 class=\"wp-block-heading has-primary-color has-text-color has-large-font-size\"><strong>Clases 100% Personalizadas<\/strong> 1 a 1 en Vivo<\/h3><p class=\"has-primary-color has-text-color has-normal-font-size\">Cada estudiante es \u00fanico, por eso cada clase se adapta a tus necesidades, gusto musical y objetivo. Ya sea que quieras aprender desde lo m\u00e1s b\u00e1sico, profundizar en alg\u00fan estilo, mejorar tus composiciones o perfeccionar tu t\u00e9cnica, dise\u00f1aremos un plan de clases a tu medida, din\u00e1mico y flexible.<\/p><h3 class=\"wp-block-heading has-primary-color has-text-color has-large-font-size\"><strong>Aprende desde Casa, Con Tu Propio Equipamiento<\/strong><\/h3><p class=\"has-primary-color has-text-color has-normal-font-size\">Olv\u00eddate de los desplazamientos y del estr\u00e9s de transportarte con tu guitarra, pedales y amplificador. A muchos m\u00fasicos nos han robado nuestros instrumentos y equipos. Tendr\u00e1s acceso a clases online transformadoras y de primer nivel, desde la comodidad de tu hogar. Conocer\u00e1s los beneficios de practicar con tu propio equipo, con tu sonido, y aprovechar\u00e1s cada minuto de tu tiempo. Antes de la clase, podr\u00e1s avanzar con tu precalentamiento. Inmediatamente despu\u00e9s de tu clase, podr\u00e1s continuar por tu cuenta con tu pr\u00e1ctica, el tiempo que puedas, porque ese tiempo extra va acelerar tu evoluci\u00f3n como guitarrista. En vez de estar ocupando tu tiempo en transportarte, mejor oc\u00fapalo en tiempo de pr\u00e1ctica.<\/p><h3 class=\"wp-block-heading has-primary-color has-text-color has-large-font-size\">La Satisfacci\u00f3n de Sonar como T\u00fa Quieres<\/h3><p class=\"has-primary-color has-text-color has-normal-font-size\">Mi enfoque est\u00e1 en la pr\u00e1ctica efectiva, plena y el desarrollo de tu criterio y habilidades musicales reales. Con tu programa personalizado de guitarra dise\u00f1ado especialmente para ti, te aseguro que ver\u00e1s un progreso significativo, constante y r\u00e1pido. Cada semana avanzar\u00e1s en tu camino como guitarrista y experimentar\u00e1s logros concretos, que te llevar\u00e1n a la satisfacci\u00f3n de sonar como t\u00fa quieres.<\/p><h3 class=\"wp-block-heading has-primary-color has-text-color has-large-font-size\"><strong>M\u00e1s de 60 Guitarristas Internacionales Satisfechos<\/strong><\/h3><p class=\"has-primary-color has-text-color has-normal-font-size\">He tenido el honor de ense\u00f1ar a m\u00e1s de 50 guitarristas de diferentes pa\u00edses, con quienes hemos logrado grandes transformaciones, gracias a su compromiso y pr\u00e1ctica sostenida. En modalidad online 1 a 1 en vivo, puedes encontrar al profesor m\u00e1s adecuado para ti, sin l\u00edmites geogr\u00e1ficos, aprender a tu ritmo y horarios, de la manera m\u00e1s eficiente y segura.<\/p><h3 class=\"wp-block-heading has-primary-color has-text-color has-large-font-size\"><strong>\u00a1Comienza Hoy!<\/strong><\/h3><p class=\"has-primary-color has-text-color has-normal-font-size\">Da este gran paso y solicita hoy tu <strong>clase gratuita<\/strong>. Aprovecha esta oportunidad para descubrir c\u00f3mo puedes transformarte como guitarrista. \u00a1Te espero para comenzar este viaje juntos!<\/p><p class=\"has-text-align-center has-large-font-size\"><a href=\"https:\/\/www.ambmusica.cl\/?page_id=141\" data-type=\"page\" data-id=\"141\"><font face=\"Architects Daughter\" color=\"#5c63ff\">\u00a1 RESERVA AHORA !<\/font><\/a><\/p><div class=\"tc-testimonial-wrap\"><div class=\"tc-testimonial tcnav-vmid owl-carousel\"><div class=\"tc-testimonial-single\"><div class=\"tc-client\"><div class=\"tc-author-details\"><div class=\"author-infobox\"><p class=\"tc-author-name\">Nir Silberman, M\u00fasico  \u2013  Santiago, Chile<span class=\"role\"><span><\/p><\/div><div class=\"author-infobox\"><p class=\"tc-author-name\"><span class=\"role\"><span><\/p><\/div><\/div><\/div><div class=\"tc-content\"><p style=\"text-align: center;\"><em>Andr\u00e9s es un guitarrista extraordinario que toca desde su alma, siempre con la din\u00e1mica adecuada. Conoce muy bien la guitarra, la teor\u00eda de la m\u00fasica y tiene un entendimiento muy profundo del sonido y la m\u00fasica en su sentido amplio.<\/em><\/p>\n<\/div><\/div><div class=\"tc-testimonial-single\"><div class=\"tc-client\"><div class=\"tc-author-details\"><div class=\"author-infobox\"><p class=\"tc-author-name\">Jos\u00e9 Dom\u00ednguez, M\u00fasico  \u2013  Santiago, Chile<span class=\"role\"><span><\/p><\/div><div class=\"author-infobox\"><p class=\"tc-author-name\"><span class=\"role\"><span><\/p><\/div><\/div><\/div><div class=\"tc-content\"><p style=\"text-align: center;\"><em>He conocido el trabajo musical de Andr\u00e9s gracias a la experiencia de compartir en bandas de rock y pop, lo que se ha dado de una manera continua en el tiempo. Esto me ha permitido constatar de cerca su performance como guitarrista y su habilidad te\u00f3rica al momento de la composici\u00f3n, ambas aptitudes que claramente se han basado en el rigor de un aprendizaje continuo y met\u00f3dico que van de la mano de un gusto musical refinado.<\/em><\/p>\n<\/div><\/div><div class=\"tc-testimonial-single\"><div class=\"tc-client\"><div class=\"tc-author-details\"><div class=\"author-infobox\"><p class=\"tc-author-name\">Fernando Le\u00f3n, M\u00fasico, Ingeniero MIRA y AnaFrank  \u2013  Santiago, Chile<span class=\"role\"><span><\/p><\/div><div class=\"author-infobox\"><p class=\"tc-author-name\"><span class=\"role\"><span><\/p><\/div><\/div><\/div><div class=\"tc-content\"><p style=\"text-align: center;\"><em>Es una satisfacci\u00f3n enorme para m\u00ed interpretar y realizar producciones musicales junto a Andr\u00e9s. Durante a\u00f1os hemos compartido en escenarios y estudios de grabaci\u00f3n. He sido compa\u00f1ero de banda e ingeniero de grabaci\u00f3n en m\u00faltiples producciones. Su sonido es expresivo y creativo, siempre en la b\u00fasqueda de armon\u00edas y melod\u00edas que enriquecen las obras musicales, una mezcla de t\u00e9cnica y creatividad que siempre me sorprende.<\/em><\/p>\n<\/div><\/div><div class=\"tc-testimonial-single\"><div class=\"tc-client\"><div class=\"tc-author-details\"><div class=\"author-infobox\"><p class=\"tc-author-name\">Catalina Quiroz, Alumna  \u2013  Santiago, Chile<span class=\"role\"><span><\/p><\/div><div class=\"author-infobox\"><p class=\"tc-author-name\"><span class=\"role\"><span><\/p><\/div><\/div><\/div><div class=\"tc-content\"><p style=\"text-align: center;\"><em>Ten\u00eda conocimientos previos de guitarra cuando empec\u00e9 las clases, pero quer\u00eda aprender a tocar solos e improvisar. Hemos ido practicando arpegios y escalas, lo que me ha permitido armar mi propio lenguaje sonoro. Recomiendo 100% al profe, se enfoca en tus intereses y tiene una paciencia inagotable.<\/em><\/p>\n<\/div><\/div><div class=\"tc-testimonial-single\"><div class=\"tc-client\"><div class=\"tc-author-details\"><div class=\"author-infobox\"><p class=\"tc-author-name\">Santiago Silva, M\u00fasico, Pianista, Director Orquesta Show Internacional Santiago Silva \u2013 Miami, USA<span class=\"role\"><span><\/p><\/div><div class=\"author-infobox\"><p class=\"tc-author-name\"><span class=\"role\"><span><\/p><\/div><\/div><\/div><div class=\"tc-content\"><p style=\"text-align: center;\"><em>Me permito recomendar a mi amigo, Sr. Andr\u00e9s Mart\u00ednez Barrueto, como M\u00fasico, Int\u00e9rprete y Profesor de Guitarra. Coincid\u00ed con \u00e9l en el Curso de Improvisaci\u00f3n de Jazz de Berklee College of Music Online e iniciamos una amistad que nos dio la oportunidad de intercambiar conocimientos y experiencias muy saludables.<\/em><\/p>\n<\/div><\/div><\/div><\/div><details class=\"wp-block-details is-layout-flow wp-block-details-is-layout-flow\"><summary><\/summary><div class=\"wp-block-image\"><figure class=\"aligncenter size-full\"><img loading=\"lazy\" decoding=\"async\" width=\"1024\" height=\"1024\" src=\"https:\/\/www.ambmusica.cl\/wp-content\/uploads\/2025\/02\/descarga-3.png\" alt=\"AMBMUSICA Clases particulares de guitarra online\" class=\"wp-image-868\" srcset=\"https:\/\/www.ambmusica.cl\/wp-content\/uploads\/2025\/02\/descarga-3.png 1024w, https:\/\/www.ambmusica.cl\/wp-content\/uploads\/2025\/02\/descarga-3-450x450.png 450w, https:\/\/www.ambmusica.cl\/wp-content\/uploads\/2025\/02\/descarga-3-100x100.png 100w, https:\/\/www.ambmusica.cl\/wp-content\/uploads\/2025\/02\/descarga-3-600x600.png 600w, https:\/\/www.ambmusica.cl\/wp-content\/uploads\/2025\/02\/descarga-3-300x300.png 300w, https:\/\/www.ambmusica.cl\/wp-content\/uploads\/2025\/02\/descarga-3-150x150.png 150w, https:\/\/www.ambmusica.cl\/wp-content\/uploads\/2025\/02\/descarga-3-768x768.png 768w\" sizes=\"auto, (max-width: 1024px) 100vw, 1024px\" \/><\/figure><\/div><\/details>","protected":false},"excerpt":{"rendered":"<p>\u00bfList@ para expresarte con autenticidad y alcanzar una musicalidad profunda con la guitarra? Ya sea que est\u00e9s empezando tu viaje desde cero o tengas experiencia como guitarrista, aqu\u00ed encontrar\u00e1s programas personalizados de guitarra online, con clases 1 a 1 en vivo, transformadores, dise\u00f1ados a tu medida y adaptados a tus intereses, gustos y nivel. Soy [&hellip;]<\/p>\n","protected":false},"author":1,"featured_media":0,"parent":0,"menu_order":0,"comment_status":"closed","ping_status":"closed","template":"templates\/template-full-width.php","meta":{"footnotes":""},"class_list":["post-2","page","type-page","status-publish","hentry"],"yoast_head":"<!-- This site is optimized with the Yoast SEO plugin v24.3 - https:\/\/yoast.com\/wordpress\/plugins\/seo\/ -->\n<title>Clases particulares de guitarra online - Sesiones personalizadas<\/title>\n<meta name=\"description\" content=\"Clases particulares de guitarra online personalizadas, dise\u00f1adas seg\u00fan tus objetivos, nivel y gustos musicales. \u00a1Comienza hoy mismo!\" \/>\n<meta name=\"robots\" content=\"index, follow, max-snippet:-1, max-image-preview:large, max-video-preview:-1\" \/>\n<link rel=\"canonical\" href=\"https:\/\/www.ambmusica.cl\/\" \/>\n<meta property=\"og:locale\" content=\"es_ES\" \/>\n<meta property=\"og:type\" content=\"article\" \/>\n<meta property=\"og:title\" content=\"Clases particulares de guitarra online - Sesiones personalizadas\" \/>\n<meta property=\"og:description\" content=\"Clases particulares de guitarra online personalizadas, dise\u00f1adas seg\u00fan tus objetivos, nivel y gustos musicales. \u00a1Comienza hoy mismo!\" \/>\n<meta property=\"og:url\" content=\"https:\/\/www.ambmusica.cl\/\" \/>\n<meta property=\"og:site_name\" content=\"AMBMUSICA - Clases de guitarra online\" \/>\n<meta property=\"article:modified_time\" content=\"2025-12-31T17:48:40+00:00\" \/>\n<meta property=\"og:image\" content=\"https:\/\/www.ambmusica.cl\/wp-content\/uploads\/2025\/02\/descarga-3.png\" \/>\n\t<meta property=\"og:image:width\" content=\"1024\" \/>\n\t<meta property=\"og:image:height\" content=\"1024\" \/>\n\t<meta property=\"og:image:type\" content=\"image\/png\" \/>\n<meta name=\"twitter:card\" content=\"summary_large_image\" \/>\n<meta name=\"twitter:label1\" content=\"Tiempo estimado de lectura\" \/>\n\t<meta name=\"twitter:data1\" content=\"4 minutos\" \/>\n<script type=\"application\/ld+json\" class=\"yoast-schema-graph\">{\"@context\":\"https:\/\/schema.org\",\"@graph\":[{\"@type\":\"WebPage\",\"@id\":\"https:\/\/www.ambmusica.cl\/\",\"url\":\"https:\/\/www.ambmusica.cl\/\",\"name\":\"Clases particulares de guitarra online - Sesiones personalizadas\",\"isPartOf\":{\"@id\":\"https:\/\/www.ambmusica.cl\/#website\"},\"primaryImageOfPage\":{\"@id\":\"https:\/\/www.ambmusica.cl\/#primaryimage\"},\"image\":{\"@id\":\"https:\/\/www.ambmusica.cl\/#primaryimage\"},\"thumbnailUrl\":\"https:\/\/www.ambmusica.cl\/wp-content\/uploads\/2025\/02\/descarga-3.png\",\"datePublished\":\"2020-06-04T01:50:34+00:00\",\"dateModified\":\"2025-12-31T17:48:40+00:00\",\"description\":\"Clases particulares de guitarra online personalizadas, dise\u00f1adas seg\u00fan tus objetivos, nivel y gustos musicales. \u00a1Comienza hoy mismo!\",\"breadcrumb\":{\"@id\":\"https:\/\/www.ambmusica.cl\/#breadcrumb\"},\"inLanguage\":\"es-CL\",\"potentialAction\":[{\"@type\":\"ReadAction\",\"target\":[\"https:\/\/www.ambmusica.cl\/\"]}]},{\"@type\":\"ImageObject\",\"inLanguage\":\"es-CL\",\"@id\":\"https:\/\/www.ambmusica.cl\/#primaryimage\",\"url\":\"https:\/\/www.ambmusica.cl\/wp-content\/uploads\/2025\/02\/descarga-3.png\",\"contentUrl\":\"https:\/\/www.ambmusica.cl\/wp-content\/uploads\/2025\/02\/descarga-3.png\",\"width\":1024,\"height\":1024,\"caption\":\"Clases particulares de guitarra online AMBMUSICA\"},{\"@type\":\"BreadcrumbList\",\"@id\":\"https:\/\/www.ambmusica.cl\/#breadcrumb\",\"itemListElement\":[{\"@type\":\"ListItem\",\"position\":1,\"name\":\"Portada\",\"item\":\"https:\/\/www.ambmusica.cl\/\"},{\"@type\":\"ListItem\",\"position\":2,\"name\":\"Clases de Guitarra Online Personalizadas a Tu Medida\"}]},{\"@type\":\"WebSite\",\"@id\":\"https:\/\/www.ambmusica.cl\/#website\",\"url\":\"https:\/\/www.ambmusica.cl\/\",\"name\":\"AMBMUSICA - Clases de guitarra online\",\"description\":\"\",\"publisher\":{\"@id\":\"https:\/\/www.ambmusica.cl\/#organization\"},\"potentialAction\":[{\"@type\":\"SearchAction\",\"target\":{\"@type\":\"EntryPoint\",\"urlTemplate\":\"https:\/\/www.ambmusica.cl\/?s={search_term_string}\"},\"query-input\":{\"@type\":\"PropertyValueSpecification\",\"valueRequired\":true,\"valueName\":\"search_term_string\"}}],\"inLanguage\":\"es-CL\"},{\"@type\":\"Organization\",\"@id\":\"https:\/\/www.ambmusica.cl\/#organization\",\"name\":\"AMBMUSICA\",\"url\":\"https:\/\/www.ambmusica.cl\/\",\"logo\":{\"@type\":\"ImageObject\",\"inLanguage\":\"es-CL\",\"@id\":\"https:\/\/www.ambmusica.cl\/#\/schema\/logo\/image\/\",\"url\":\"https:\/\/www.ambmusica.cl\/wp-content\/uploads\/2020\/06\/logoamb_web.png\",\"contentUrl\":\"https:\/\/www.ambmusica.cl\/wp-content\/uploads\/2020\/06\/logoamb_web.png\",\"width\":588,\"height\":365,\"caption\":\"AMBMUSICA\"},\"image\":{\"@id\":\"https:\/\/www.ambmusica.cl\/#\/schema\/logo\/image\/\"}}]}<\/script>\n<!-- \/ Yoast SEO plugin. -->","yoast_head_json":{"title":"Clases particulares de guitarra online - Sesiones personalizadas","description":"Clases particulares de guitarra online personalizadas, dise\u00f1adas seg\u00fan tus objetivos, nivel y gustos musicales. \u00a1Comienza hoy mismo!","robots":{"index":"index","follow":"follow","max-snippet":"max-snippet:-1","max-image-preview":"max-image-preview:large","max-video-preview":"max-video-preview:-1"},"canonical":"https:\/\/www.ambmusica.cl\/","og_locale":"es_ES","og_type":"article","og_title":"Clases particulares de guitarra online - Sesiones personalizadas","og_description":"Clases particulares de guitarra online personalizadas, dise\u00f1adas seg\u00fan tus objetivos, nivel y gustos musicales. \u00a1Comienza hoy mismo!","og_url":"https:\/\/www.ambmusica.cl\/","og_site_name":"AMBMUSICA - Clases de guitarra online","article_modified_time":"2025-12-31T17:48:40+00:00","og_image":[{"width":1024,"height":1024,"url":"https:\/\/www.ambmusica.cl\/wp-content\/uploads\/2025\/02\/descarga-3.png","type":"image\/png"}],"twitter_card":"summary_large_image","twitter_misc":{"Tiempo estimado de lectura":"4 minutos"},"schema":{"@context":"https:\/\/schema.org","@graph":[{"@type":"WebPage","@id":"https:\/\/www.ambmusica.cl\/","url":"https:\/\/www.ambmusica.cl\/","name":"Clases particulares de guitarra online - Sesiones personalizadas","isPartOf":{"@id":"https:\/\/www.ambmusica.cl\/#website"},"primaryImageOfPage":{"@id":"https:\/\/www.ambmusica.cl\/#primaryimage"},"image":{"@id":"https:\/\/www.ambmusica.cl\/#primaryimage"},"thumbnailUrl":"https:\/\/www.ambmusica.cl\/wp-content\/uploads\/2025\/02\/descarga-3.png","datePublished":"2020-06-04T01:50:34+00:00","dateModified":"2025-12-31T17:48:40+00:00","description":"Clases particulares de guitarra online personalizadas, dise\u00f1adas seg\u00fan tus objetivos, nivel y gustos musicales. \u00a1Comienza hoy mismo!","breadcrumb":{"@id":"https:\/\/www.ambmusica.cl\/#breadcrumb"},"inLanguage":"es-CL","potentialAction":[{"@type":"ReadAction","target":["https:\/\/www.ambmusica.cl\/"]}]},{"@type":"ImageObject","inLanguage":"es-CL","@id":"https:\/\/www.ambmusica.cl\/#primaryimage","url":"https:\/\/www.ambmusica.cl\/wp-content\/uploads\/2025\/02\/descarga-3.png","contentUrl":"https:\/\/www.ambmusica.cl\/wp-content\/uploads\/2025\/02\/descarga-3.png","width":1024,"height":1024,"caption":"Clases particulares de guitarra online AMBMUSICA"},{"@type":"BreadcrumbList","@id":"https:\/\/www.ambmusica.cl\/#breadcrumb","itemListElement":[{"@type":"ListItem","position":1,"name":"Portada","item":"https:\/\/www.ambmusica.cl\/"},{"@type":"ListItem","position":2,"name":"Clases de Guitarra Online Personalizadas a Tu Medida"}]},{"@type":"WebSite","@id":"https:\/\/www.ambmusica.cl\/#website","url":"https:\/\/www.ambmusica.cl\/","name":"AMBMUSICA - Clases de guitarra online","description":"","publisher":{"@id":"https:\/\/www.ambmusica.cl\/#organization"},"potentialAction":[{"@type":"SearchAction","target":{"@type":"EntryPoint","urlTemplate":"https:\/\/www.ambmusica.cl\/?s={search_term_string}"},"query-input":{"@type":"PropertyValueSpecification","valueRequired":true,"valueName":"search_term_string"}}],"inLanguage":"es-CL"},{"@type":"Organization","@id":"https:\/\/www.ambmusica.cl\/#organization","name":"AMBMUSICA","url":"https:\/\/www.ambmusica.cl\/","logo":{"@type":"ImageObject","inLanguage":"es-CL","@id":"https:\/\/www.ambmusica.cl\/#\/schema\/logo\/image\/","url":"https:\/\/www.ambmusica.cl\/wp-content\/uploads\/2020\/06\/logoamb_web.png","contentUrl":"https:\/\/www.ambmusica.cl\/wp-content\/uploads\/2020\/06\/logoamb_web.png","width":588,"height":365,"caption":"AMBMUSICA"},"image":{"@id":"https:\/\/www.ambmusica.cl\/#\/schema\/logo\/image\/"}}]}},"_links":{"self":[{"href":"https:\/\/www.ambmusica.cl\/index.php?rest_route=\/wp\/v2\/pages\/2","targetHints":{"allow":["GET"]}}],"collection":[{"href":"https:\/\/www.ambmusica.cl\/index.php?rest_route=\/wp\/v2\/pages"}],"about":[{"href":"https:\/\/www.ambmusica.cl\/index.php?rest_route=\/wp\/v2\/types\/page"}],"author":[{"embeddable":true,"href":"https:\/\/www.ambmusica.cl\/index.php?rest_route=\/wp\/v2\/users\/1"}],"replies":[{"embeddable":true,"href":"https:\/\/www.ambmusica.cl\/index.php?rest_route=%2Fwp%2Fv2%2Fcomments&post=2"}],"version-history":[{"count":179,"href":"https:\/\/www.ambmusica.cl\/index.php?rest_route=\/wp\/v2\/pages\/2\/revisions"}],"predecessor-version":[{"id":1033,"href":"https:\/\/www.ambmusica.cl\/index.php?rest_route=\/wp\/v2\/pages\/2\/revisions\/1033"}],"wp:attachment":[{"href":"https:\/\/www.ambmusica.cl\/index.php?rest_route=%2Fwp%2Fv2%2Fmedia&parent=2"}],"curies":[{"name":"wp","href":"https:\/\/api.w.org\/{rel}","templated":true}]}}